{"id":459,"date":"2023-03-08T11:28:19","date_gmt":"2023-03-08T11:28:19","guid":{"rendered":"https:\/\/finestres.es\/?page_id=459"},"modified":"2023-03-28T14:21:21","modified_gmt":"2023-03-28T14:21:21","slug":"nosaltres","status":"publish","type":"page","link":"https:\/\/finestres.es\/es\/nosaltres\/","title":{"rendered":"NOSOTROS"},"content":{"rendered":"<div class=\"wpb-content-wrapper\"><p>[vc_row full_width=\u00bbstretch_row_content\u00bb][vc_column css=\u00bb.vc_custom_1678182195328{background-color: #fefaf0 !important;}\u00bb offset=\u00bbvc_hidden-sm vc_hidden-xs\u00bb][vc_empty_space height=\u00bb105px\u00bb][\/vc_column][\/vc_row][vc_row full_width=\u00bbstretch_row_content\u00bb][vc_column css=\u00bb.vc_custom_1678182202904{background-color: #fefaf0 !important;}\u00bb offset=\u00bbvc_hidden-lg vc_hidden-md\u00bb][vc_empty_space height=\u00bb45px\u00bb][\/vc_column][\/vc_row][vc_row][vc_column][vc_empty_space height=\u00bb50px\u00bb][\/vc_column][\/vc_row][vc_row gap=\u00bb35&#8243;][vc_column width=\u00bb1\/2&#8243;][vc_single_image image=\u00bb287&#8243; img_size=\u00bbfull\u00bb][vc_btn title=\u00bbCont\u00e1ctanos\u00bb style=\u00bbcustom\u00bb custom_background=\u00bb#f4bd21&#8243; custom_text=\u00bb#ffffff\u00bb align=\u00bbcenter\u00bb link=\u00bburl:%2Fes%2Fcontacto%2F\u00bb][vc_media_grid grid_id=\u00bbvc_gid:1680013246422-72a452f5-f88f-0&#8243; include=\u00bb625,627,629&#8243;][\/vc_column][vc_column width=\u00bb1\/2&#8243;][vc_column_text css=\u00bb.vc_custom_1680013278478{margin-right: 10px !important;margin-left: 10px !important;}\u00bb]<\/p>\n<h1>Sobre nosotros<\/h1>\n<p style=\"text-align: justify;\">Somos una empresa especializada en ventanas, tanto de PVC como de aluminio, y ofrecemos la m\u00e1xima calidad en ambas opciones. Nuestro equipo est\u00e1 ampliamente formado en este sector, para ofrecer las mejor respuestas a cada cliente y nuestro objetivo es proporcionar soluciones eficientes y duraderas.<\/p>\n<p>Trabajamos de forma \u00e1gil, solvente y especializada, para obtener los mejores resultados en el menor tiempo posible y, de esta manera, el cliente disfruta de la ventaja de tener ventanas de gran calidad. En nuestra web, tambi\u00e9n podr\u00e1s encontrar toda clase de cierres por tu hogar, con una gran diversidad de aperturas (carrerillas, abatibles, oscilo batientes&#8230;) y en varios acabados (lacada madera, blanco, ral est\u00e1ndar&#8230;). Con nosotros, lograr\u00e1s la opci\u00f3n que m\u00e1s se adapte a tus necesidades y a las necesidades de tu hogar. Solo as\u00ed, se obtiene el mejor aislamiento t\u00e9rmico y ac\u00fastico del espacio, para optimizar la eficiencia y disponer de un mayor ahorro energ\u00e9tico.[\/vc_column_text][\/vc_column][\/vc_row][vc_row][vc_column][vc_column_text]<\/p>\n<div class=\"wpb_text_column wpb_content_element \">\n<div class=\"wpb_wrapper\">\n<h2 style=\"text-align: center;\">Marquem la difer\u00e8ncia<\/h2>\n<\/div>\n<\/div>\n<div class=\"vc_row wpb_row vc_inner vc_row-fluid vc_custom_1649841068615 vc_column-gap-35\">\n<div class=\"wpb_column vc_column_container vc_col-sm-4\">\n<div class=\"vc_column-inner\">\n<div class=\"wpb_wrapper\">\n<div id=\"top_icon_box_41557\" class=\"top_icon_box type1 \">\n<div class=\"icon_holder\"><\/div>\n<\/div>\n<\/div>\n<\/div>\n<\/div>\n<\/div>\n<p>[\/vc_column_text][vc_row_inner gap=\u00bb35&#8243;][vc_column_inner width=\u00bb1\/3&#8243;][vc_icon icon_fontawesome=\u00bbfas fa-user-friends\u00bb color=\u00bbwhite\u00bb background_style=\u00bbrounded\u00bb background_color=\u00bbcustom\u00bb size=\u00bblg\u00bb align=\u00bbcenter\u00bb custom_background_color=\u00bb#f4bd21&#8243;][vc_column_text css=\u00bb.vc_custom_1678274773086{border-bottom-width: 2px !important;padding-bottom: 5px !important;border-bottom-color: #e2e2e2 !important;}\u00bb]<\/p>\n<h3 style=\"text-align: center; font-size: 1.2em;\">Asesoramiento personalizado<\/h3>\n<p>[\/vc_column_text][vc_column_text css=\u00bb.vc_custom_1678274781654{padding-top: 5px !important;}\u00bb]<\/p>\n<p style=\"text-align: center;\">Teniendo en cuenta las necesidades del cliente, nos adaptamos a cada situaci\u00f3n.<\/p>\n<p>[\/vc_column_text][\/vc_column_inner][vc_column_inner width=\u00bb1\/3&#8243;][vc_icon icon_fontawesome=\u00bbfar fa-envelope-open\u00bb color=\u00bbwhite\u00bb background_style=\u00bbrounded\u00bb background_color=\u00bbcustom\u00bb size=\u00bblg\u00bb align=\u00bbcenter\u00bb custom_background_color=\u00bb#f4bd21&#8243;][vc_column_text css=\u00bb.vc_custom_1678274791854{border-bottom-width: 2px !important;padding-bottom: 5px !important;border-bottom-color: #e2e2e2 !important;}\u00bb]<\/p>\n<h3 style=\"text-align: center; font-size: 1.2em;\">Presupuestos sin compromiso<\/h3>\n<p>[\/vc_column_text][vc_column_text css=\u00bb.vc_custom_1678274801686{padding-top: 5px !important;}\u00bb]<\/p>\n<p style=\"text-align: center;\">Nos desplazamos a su domicilio para valorar los trabajos y en pocos d\u00edas recibe el presupuesto sin ning\u00fan tipo de compromiso.<\/p>\n<p>[\/vc_column_text][\/vc_column_inner][vc_column_inner width=\u00bb1\/3&#8243;][vc_icon icon_fontawesome=\u00bbfar fa-thumbs-up\u00bb color=\u00bbwhite\u00bb background_style=\u00bbrounded\u00bb background_color=\u00bbcustom\u00bb size=\u00bblg\u00bb align=\u00bbcenter\u00bb custom_background_color=\u00bb#f4bd21&#8243;][vc_column_text css=\u00bb.vc_custom_1678274813742{border-bottom-width: 2px !important;padding-bottom: 5px !important;border-bottom-color: #e2e2e2 !important;}\u00bb]<\/p>\n<h3 style=\"text-align: center; font-size: 1.2em;\">Trabajamos con las mejores marcas<\/h3>\n<p>[\/vc_column_text][vc_column_text css=\u00bb.vc_custom_1678274827511{padding-top: 5px !important;}\u00bb]<\/p>\n<p style=\"text-align: center;\">Utilizamos los mejores materiales, por eso podemos ofrecer 2 a\u00f1os de garant\u00eda en mano de obra y 10 a\u00f1os en perfiles y vidrios.<\/p>\n<p>[\/vc_column_text][\/vc_column_inner][\/vc_row_inner][vc_row_inner gap=\u00bb35&#8243;][vc_column_inner width=\u00bb1\/2&#8243;][vc_icon icon_fontawesome=\u00bbfas fa-search\u00bb color=\u00bbwhite\u00bb background_style=\u00bbrounded\u00bb background_color=\u00bbcustom\u00bb size=\u00bblg\u00bb align=\u00bbcenter\u00bb custom_background_color=\u00bb#f4bd21&#8243;][vc_column_text css=\u00bb.vc_custom_1678274838326{border-bottom-width: 2px !important;padding-bottom: 5px !important;border-bottom-color: #e2e2e2 !important;}\u00bb]<\/p>\n<h3 style=\"text-align: center; font-size: 1.2em;\">Opciones de financiaci\u00f3n<\/h3>\n<p>[\/vc_column_text][vc_column_text css=\u00bb.vc_custom_1678274848998{padding-top: 5px !important;}\u00bb]<\/p>\n<p style=\"text-align: center;\">Para que el cliente pueda pagar en c\u00f3modos plazos.<\/p>\n<p>[\/vc_column_text][\/vc_column_inner][vc_column_inner width=\u00bb1\/2&#8243;][vc_icon icon_fontawesome=\u00bbfas fa-broom\u00bb color=\u00bbwhite\u00bb background_style=\u00bbrounded\u00bb background_color=\u00bbcustom\u00bb size=\u00bblg\u00bb align=\u00bbcenter\u00bb custom_background_color=\u00bb#f4bd21&#8243;][vc_column_text css=\u00bb.vc_custom_1678274863823{border-bottom-width: 2px !important;padding-bottom: 5px !important;border-bottom-color: #e2e2e2 !important;}\u00bb]<\/p>\n<h3 style=\"text-align: center; font-size: 1.2em;\">Garantizamos la limpieza<\/h3>\n<p>[\/vc_column_text][vc_column_text css=\u00bb.vc_custom_1678274876582{padding-top: 5px !important;}\u00bb]<\/p>\n<p style=\"text-align: center;\">Adem\u00e1s del orden durante el tiempo que duran los trabajos.<\/p>\n<p>[\/vc_column_text][\/vc_column_inner][\/vc_row_inner][\/vc_column][\/vc_row][vc_row][vc_column][vc_empty_space][\/vc_column][\/vc_row]<\/p>\n<\/div>","protected":false},"excerpt":{"rendered":"<p>[vc_row full_width=\u00bbstretch_row_content\u00bb][vc_column css=\u00bb.vc_custom_1678182195328{background-color: #fefaf0 !important;}\u00bb offset=\u00bbvc_hidden-sm vc_hidden-xs\u00bb][vc_empty_space height=\u00bb105px\u00bb][\/vc_column][\/vc_row][vc_row full_width=\u00bbstretch_row_content\u00bb][vc_column css=\u00bb.vc_custom_1678182202904{background-color: #fefaf0 !important;}\u00bb offset=\u00bbvc_hidden-lg vc_hidden-md\u00bb][vc_empty_space height=\u00bb45px\u00bb][\/vc_column][\/vc_row][vc_row][vc_column][vc_empty_space height=\u00bb50px\u00bb][\/vc_column][\/vc_row][vc_row gap=\u00bb35&#8243;][vc_column width=\u00bb1\/2&#8243;][vc_single_image image=\u00bb287&#8243; img_size=\u00bbfull\u00bb][vc_btn title=\u00bbCont\u00e1ctanos\u00bb style=\u00bbcustom\u00bb custom_background=\u00bb#f4bd21&#8243; custom_text=\u00bb#ffffff\u00bb align=\u00bbcenter\u00bb link=\u00bburl:%2Fes%2Fcontacto%2F\u00bb][vc_media_grid grid_id=\u00bbvc_gid:1680013246422-72a452f5-f88f-0&#8243; include=\u00bb625,627,629&#8243;][\/vc_column][vc_column width=\u00bb1\/2&#8243;][vc_column_text css=\u00bb.vc_custom_1680013278478{margin-right: 10px !important;margin-left: 10px !important;}\u00bb] Sobre nosotros Somos una empresa especializada en ventanas, tanto de PVC como de aluminio, y ofrecemos la m\u00e1xima calidad en ambas&hellip;&nbsp;<a href=\"https:\/\/finestres.es\/es\/nosaltres\/\" rel=\"bookmark\">Llegir m\u00e9s \u00bb<span class=\"screen-reader-text\">NOSOTROS<\/span><\/a><\/p>\n","protected":false},"author":1,"featured_media":0,"parent":0,"menu_order":0,"comment_status":"closed","ping_status":"closed","template":"","meta":{"neve_meta_sidebar":"","neve_meta_container":"","neve_meta_enable_content_width":"off","neve_meta_content_width":100,"neve_meta_title_alignment":"","neve_meta_author_avatar":"","neve_post_elements_order":"","neve_meta_disable_header":"","neve_meta_disable_footer":"","neve_meta_disable_title":"on","neve_meta_reading_time":"","footnotes":""},"class_list":["post-459","page","type-page","status-publish","hentry"],"yoast_head":"<!-- This site is optimized with the Yoast SEO plugin v26.7 - https:\/\/yoast.com\/wordpress\/plugins\/seo\/ -->\n<title>Nosotros - Ventanas<\/title>\n<meta name=\"description\" content=\"Empresa especializada en ventanas de PVC y de aluminio. Somos uno equipo formado en el sector y ofrecemos las soluciones adaptadas a cada cliente.\" \/>\n<meta name=\"robots\" content=\"index, follow, max-snippet:-1, max-image-preview:large, max-video-preview:-1\" \/>\n<link rel=\"canonical\" href=\"https:\/\/finestres.es\/es\/nosaltres\/\" \/>\n<meta property=\"og:locale\" content=\"es_ES\" \/>\n<meta property=\"og:type\" content=\"article\" \/>\n<meta property=\"og:title\" content=\"Nosotros - Ventanas\" \/>\n<meta property=\"og:description\" content=\"Empresa especializada en ventanas de PVC y de aluminio. Somos uno equipo formado en el sector y ofrecemos las soluciones adaptadas a cada cliente.\" \/>\n<meta property=\"og:url\" content=\"https:\/\/finestres.es\/es\/nosaltres\/\" \/>\n<meta property=\"og:site_name\" content=\"Finestres\" \/>\n<meta property=\"article:modified_time\" content=\"2023-03-28T14:21:21+00:00\" \/>\n<meta name=\"twitter:card\" content=\"summary_large_image\" \/>\n<meta name=\"twitter:label1\" content=\"Tiempo de lectura\" \/>\n\t<meta name=\"twitter:data1\" content=\"3 minutos\" \/>\n<script type=\"application\/ld+json\" class=\"yoast-schema-graph\">{\"@context\":\"https:\/\/schema.org\",\"@graph\":[{\"@type\":\"WebPage\",\"@id\":\"https:\/\/finestres.es\/es\/nosaltres\/\",\"url\":\"https:\/\/finestres.es\/es\/nosaltres\/\",\"name\":\"Nosotros - Ventanas\",\"isPartOf\":{\"@id\":\"https:\/\/finestres.es\/#website\"},\"datePublished\":\"2023-03-08T11:28:19+00:00\",\"dateModified\":\"2023-03-28T14:21:21+00:00\",\"description\":\"Empresa especializada en ventanas de PVC y de aluminio. Somos uno equipo formado en el sector y ofrecemos las soluciones adaptadas a cada cliente.\",\"breadcrumb\":{\"@id\":\"https:\/\/finestres.es\/es\/nosaltres\/#breadcrumb\"},\"inLanguage\":\"es\",\"potentialAction\":[{\"@type\":\"ReadAction\",\"target\":[\"https:\/\/finestres.es\/es\/nosaltres\/\"]}]},{\"@type\":\"BreadcrumbList\",\"@id\":\"https:\/\/finestres.es\/es\/nosaltres\/#breadcrumb\",\"itemListElement\":[{\"@type\":\"ListItem\",\"position\":1,\"name\":\"Portada\",\"item\":\"https:\/\/finestres.es\/es\/\"},{\"@type\":\"ListItem\",\"position\":2,\"name\":\"NOSOTROS\"}]},{\"@type\":\"WebSite\",\"@id\":\"https:\/\/finestres.es\/#website\",\"url\":\"https:\/\/finestres.es\/\",\"name\":\"Finestres\",\"description\":\"\",\"potentialAction\":[{\"@type\":\"SearchAction\",\"target\":{\"@type\":\"EntryPoint\",\"urlTemplate\":\"https:\/\/finestres.es\/?s={search_term_string}\"},\"query-input\":{\"@type\":\"PropertyValueSpecification\",\"valueRequired\":true,\"valueName\":\"search_term_string\"}}],\"inLanguage\":\"es\"}]}<\/script>\n<!-- \/ Yoast SEO plugin. -->","yoast_head_json":{"title":"Nosotros - Ventanas","description":"Empresa especializada en ventanas de PVC y de aluminio. Somos uno equipo formado en el sector y ofrecemos las soluciones adaptadas a cada cliente.","robots":{"index":"index","follow":"follow","max-snippet":"max-snippet:-1","max-image-preview":"max-image-preview:large","max-video-preview":"max-video-preview:-1"},"canonical":"https:\/\/finestres.es\/es\/nosaltres\/","og_locale":"es_ES","og_type":"article","og_title":"Nosotros - Ventanas","og_description":"Empresa especializada en ventanas de PVC y de aluminio. Somos uno equipo formado en el sector y ofrecemos las soluciones adaptadas a cada cliente.","og_url":"https:\/\/finestres.es\/es\/nosaltres\/","og_site_name":"Finestres","article_modified_time":"2023-03-28T14:21:21+00:00","twitter_card":"summary_large_image","twitter_misc":{"Tiempo de lectura":"3 minutos"},"schema":{"@context":"https:\/\/schema.org","@graph":[{"@type":"WebPage","@id":"https:\/\/finestres.es\/es\/nosaltres\/","url":"https:\/\/finestres.es\/es\/nosaltres\/","name":"Nosotros - Ventanas","isPartOf":{"@id":"https:\/\/finestres.es\/#website"},"datePublished":"2023-03-08T11:28:19+00:00","dateModified":"2023-03-28T14:21:21+00:00","description":"Empresa especializada en ventanas de PVC y de aluminio. Somos uno equipo formado en el sector y ofrecemos las soluciones adaptadas a cada cliente.","breadcrumb":{"@id":"https:\/\/finestres.es\/es\/nosaltres\/#breadcrumb"},"inLanguage":"es","potentialAction":[{"@type":"ReadAction","target":["https:\/\/finestres.es\/es\/nosaltres\/"]}]},{"@type":"BreadcrumbList","@id":"https:\/\/finestres.es\/es\/nosaltres\/#breadcrumb","itemListElement":[{"@type":"ListItem","position":1,"name":"Portada","item":"https:\/\/finestres.es\/es\/"},{"@type":"ListItem","position":2,"name":"NOSOTROS"}]},{"@type":"WebSite","@id":"https:\/\/finestres.es\/#website","url":"https:\/\/finestres.es\/","name":"Finestres","description":"","potentialAction":[{"@type":"SearchAction","target":{"@type":"EntryPoint","urlTemplate":"https:\/\/finestres.es\/?s={search_term_string}"},"query-input":{"@type":"PropertyValueSpecification","valueRequired":true,"valueName":"search_term_string"}}],"inLanguage":"es"}]}},"_links":{"self":[{"href":"https:\/\/finestres.es\/es\/wp-json\/wp\/v2\/pages\/459","targetHints":{"allow":["GET"]}}],"collection":[{"href":"https:\/\/finestres.es\/es\/wp-json\/wp\/v2\/pages"}],"about":[{"href":"https:\/\/finestres.es\/es\/wp-json\/wp\/v2\/types\/page"}],"author":[{"embeddable":true,"href":"https:\/\/finestres.es\/es\/wp-json\/wp\/v2\/users\/1"}],"replies":[{"embeddable":true,"href":"https:\/\/finestres.es\/es\/wp-json\/wp\/v2\/comments?post=459"}],"version-history":[{"count":5,"href":"https:\/\/finestres.es\/es\/wp-json\/wp\/v2\/pages\/459\/revisions"}],"predecessor-version":[{"id":834,"href":"https:\/\/finestres.es\/es\/wp-json\/wp\/v2\/pages\/459\/revisions\/834"}],"wp:attachment":[{"href":"https:\/\/finestres.es\/es\/wp-json\/wp\/v2\/media?parent=459"}],"curies":[{"name":"wp","href":"https:\/\/api.w.org\/{rel}","templated":true}]}}