{"id":461,"date":"2023-03-08T11:29:34","date_gmt":"2023-03-08T11:29:34","guid":{"rendered":"https:\/\/finestres.es\/?page_id=461"},"modified":"2023-03-15T08:25:54","modified_gmt":"2023-03-15T08:25:54","slug":"blog","status":"publish","type":"page","link":"https:\/\/finestres.es\/es\/blog\/","title":{"rendered":"BLOG"},"content":{"rendered":"<div class=\"wpb-content-wrapper\"><p>[vc_row full_width=\u00bbstretch_row_content\u00bb css=\u00bb.vc_custom_1678187074122{background-color: #fefaf0 !important;}\u00bb][vc_column offset=\u00bbvc_hidden-sm vc_hidden-xs\u00bb][vc_empty_space height=\u00bb105px\u00bb][\/vc_column][\/vc_row][vc_row full_width=\u00bbstretch_row_content\u00bb css=\u00bb.vc_custom_1678187074122{background-color: #fefaf0 !important;}\u00bb][vc_column offset=\u00bbvc_hidden-lg vc_hidden-md\u00bb][vc_empty_space height=\u00bb45px\u00bb][\/vc_column][\/vc_row][vc_row][vc_column][vc_column_text css=\u00bb.vc_custom_1678868753174{margin-right: 10px !important;margin-left: 10px !important;}\u00bb]<\/p>\n<h1>Blog<\/h1>\n<p style=\"text-align: justify;\">En nuestro blog podr\u00e1s seguir todas las novedades de nuestra empresa, aprender los mejores consejos para cuidar y limpiar tus ventanas o conocer las posibilidades y beneficios que pueden ofrecer a tu hogar. Las ventanas de aluminio y de PVC presentan un amplio abanico de posibilidades en cuanto al dise\u00f1o, la apertura, el color o los modelos&#8230;<\/p>\n<p style=\"text-align: justify;\">\u00a1Si quieres mantenerte informado, no dudes en seguir todos los art\u00edculos que vamos publicando en el blog!<\/p>\n<p>[\/vc_column_text][\/vc_column][\/vc_row][vc_row][vc_column][vc_basic_grid post_type=\u00bbpost\u00bb max_items=\u00bb10&#8243; grid_id=\u00bbvc_gid:1678868713579-463a0132-6715-4&#8243;][\/vc_column][\/vc_row]<\/p>\n<\/div>","protected":false},"excerpt":{"rendered":"<p>[vc_row full_width=\u00bbstretch_row_content\u00bb css=\u00bb.vc_custom_1678187074122{background-color: #fefaf0 !important;}\u00bb][vc_column offset=\u00bbvc_hidden-sm vc_hidden-xs\u00bb][vc_empty_space height=\u00bb105px\u00bb][\/vc_column][\/vc_row][vc_row full_width=\u00bbstretch_row_content\u00bb css=\u00bb.vc_custom_1678187074122{background-color: #fefaf0 !important;}\u00bb][vc_column offset=\u00bbvc_hidden-lg vc_hidden-md\u00bb][vc_empty_space height=\u00bb45px\u00bb][\/vc_column][\/vc_row][vc_row][vc_column][vc_column_text css=\u00bb.vc_custom_1678868753174{margin-right: 10px !important;margin-left: 10px !important;}\u00bb] Blog En nuestro blog podr\u00e1s seguir todas las novedades de nuestra empresa, aprender los mejores consejos para cuidar y limpiar tus ventanas o conocer las posibilidades y beneficios que pueden ofrecer a tu hogar. Las&hellip;&nbsp;<a href=\"https:\/\/finestres.es\/es\/blog\/\" rel=\"bookmark\">Llegir m\u00e9s \u00bb<span class=\"screen-reader-text\">BLOG<\/span><\/a><\/p>\n","protected":false},"author":1,"featured_media":0,"parent":0,"menu_order":0,"comment_status":"closed","ping_status":"closed","template":"","meta":{"neve_meta_sidebar":"","neve_meta_container":"","neve_meta_enable_content_width":"off","neve_meta_content_width":100,"neve_meta_title_alignment":"","neve_meta_author_avatar":"","neve_post_elements_order":"","neve_meta_disable_header":"","neve_meta_disable_footer":"","neve_meta_disable_title":"on","neve_meta_reading_time":"","footnotes":""},"class_list":["post-461","page","type-page","status-publish","hentry"],"yoast_head":"<!-- This site is optimized with the Yoast SEO plugin v26.7 - https:\/\/yoast.com\/wordpress\/plugins\/seo\/ -->\n<title>Blog - Ventanas<\/title>\n<meta name=\"description\" content=\"Lee noticias de inter\u00e9s sobre ventanas de aluminio y de PVC as\u00ed como de puertas de balc\u00f3n. Toda la informaci\u00f3n que necesitas a tu alcance.\" \/>\n<meta name=\"robots\" content=\"index, follow, max-snippet:-1, max-image-preview:large, max-video-preview:-1\" \/>\n<link rel=\"canonical\" href=\"https:\/\/finestres.es\/es\/blog\/\" \/>\n<meta property=\"og:locale\" content=\"es_ES\" \/>\n<meta property=\"og:type\" content=\"article\" \/>\n<meta property=\"og:title\" content=\"Blog - Ventanas\" \/>\n<meta property=\"og:description\" content=\"Lee noticias de inter\u00e9s sobre ventanas de aluminio y de PVC as\u00ed como de puertas de balc\u00f3n. Toda la informaci\u00f3n que necesitas a tu alcance.\" \/>\n<meta property=\"og:url\" content=\"https:\/\/finestres.es\/blog\/\" \/>\n<meta property=\"og:site_name\" content=\"Finestres\" \/>\n<meta property=\"article:modified_time\" content=\"2023-03-15T08:25:54+00:00\" \/>\n<meta name=\"twitter:card\" content=\"summary_large_image\" \/>\n<meta name=\"twitter:label1\" content=\"Tiempo de lectura\" \/>\n\t<meta name=\"twitter:data1\" content=\"1 minuto\" \/>\n<script type=\"application\/ld+json\" class=\"yoast-schema-graph\">{\"@context\":\"https:\/\/schema.org\",\"@graph\":[{\"@type\":\"WebPage\",\"@id\":\"https:\/\/finestres.es\/blog\/\",\"url\":\"https:\/\/finestres.es\/blog\/\",\"name\":\"Blog - Ventanas\",\"isPartOf\":{\"@id\":\"https:\/\/finestres.es\/#website\"},\"datePublished\":\"2023-03-08T11:29:34+00:00\",\"dateModified\":\"2023-03-15T08:25:54+00:00\",\"description\":\"Lee noticias de inter\u00e9s sobre ventanas de aluminio y de PVC as\u00ed como de puertas de balc\u00f3n. Toda la informaci\u00f3n que necesitas a tu alcance.\",\"breadcrumb\":{\"@id\":\"https:\/\/finestres.es\/blog\/#breadcrumb\"},\"inLanguage\":\"es\",\"potentialAction\":[{\"@type\":\"ReadAction\",\"target\":[\"https:\/\/finestres.es\/blog\/\"]}]},{\"@type\":\"BreadcrumbList\",\"@id\":\"https:\/\/finestres.es\/blog\/#breadcrumb\",\"itemListElement\":[{\"@type\":\"ListItem\",\"position\":1,\"name\":\"Portada\",\"item\":\"https:\/\/finestres.es\/es\/\"},{\"@type\":\"ListItem\",\"position\":2,\"name\":\"BLOG\"}]},{\"@type\":\"WebSite\",\"@id\":\"https:\/\/finestres.es\/#website\",\"url\":\"https:\/\/finestres.es\/\",\"name\":\"Finestres\",\"description\":\"\",\"potentialAction\":[{\"@type\":\"SearchAction\",\"target\":{\"@type\":\"EntryPoint\",\"urlTemplate\":\"https:\/\/finestres.es\/?s={search_term_string}\"},\"query-input\":{\"@type\":\"PropertyValueSpecification\",\"valueRequired\":true,\"valueName\":\"search_term_string\"}}],\"inLanguage\":\"es\"}]}<\/script>\n<!-- \/ Yoast SEO plugin. -->","yoast_head_json":{"title":"Blog - Ventanas","description":"Lee noticias de inter\u00e9s sobre ventanas de aluminio y de PVC as\u00ed como de puertas de balc\u00f3n. Toda la informaci\u00f3n que necesitas a tu alcance.","robots":{"index":"index","follow":"follow","max-snippet":"max-snippet:-1","max-image-preview":"max-image-preview:large","max-video-preview":"max-video-preview:-1"},"canonical":"https:\/\/finestres.es\/es\/blog\/","og_locale":"es_ES","og_type":"article","og_title":"Blog - Ventanas","og_description":"Lee noticias de inter\u00e9s sobre ventanas de aluminio y de PVC as\u00ed como de puertas de balc\u00f3n. Toda la informaci\u00f3n que necesitas a tu alcance.","og_url":"https:\/\/finestres.es\/blog\/","og_site_name":"Finestres","article_modified_time":"2023-03-15T08:25:54+00:00","twitter_card":"summary_large_image","twitter_misc":{"Tiempo de lectura":"1 minuto"},"schema":{"@context":"https:\/\/schema.org","@graph":[{"@type":"WebPage","@id":"https:\/\/finestres.es\/blog\/","url":"https:\/\/finestres.es\/blog\/","name":"Blog - Ventanas","isPartOf":{"@id":"https:\/\/finestres.es\/#website"},"datePublished":"2023-03-08T11:29:34+00:00","dateModified":"2023-03-15T08:25:54+00:00","description":"Lee noticias de inter\u00e9s sobre ventanas de aluminio y de PVC as\u00ed como de puertas de balc\u00f3n. Toda la informaci\u00f3n que necesitas a tu alcance.","breadcrumb":{"@id":"https:\/\/finestres.es\/blog\/#breadcrumb"},"inLanguage":"es","potentialAction":[{"@type":"ReadAction","target":["https:\/\/finestres.es\/blog\/"]}]},{"@type":"BreadcrumbList","@id":"https:\/\/finestres.es\/blog\/#breadcrumb","itemListElement":[{"@type":"ListItem","position":1,"name":"Portada","item":"https:\/\/finestres.es\/es\/"},{"@type":"ListItem","position":2,"name":"BLOG"}]},{"@type":"WebSite","@id":"https:\/\/finestres.es\/#website","url":"https:\/\/finestres.es\/","name":"Finestres","description":"","potentialAction":[{"@type":"SearchAction","target":{"@type":"EntryPoint","urlTemplate":"https:\/\/finestres.es\/?s={search_term_string}"},"query-input":{"@type":"PropertyValueSpecification","valueRequired":true,"valueName":"search_term_string"}}],"inLanguage":"es"}]}},"_links":{"self":[{"href":"https:\/\/finestres.es\/es\/wp-json\/wp\/v2\/pages\/461","targetHints":{"allow":["GET"]}}],"collection":[{"href":"https:\/\/finestres.es\/es\/wp-json\/wp\/v2\/pages"}],"about":[{"href":"https:\/\/finestres.es\/es\/wp-json\/wp\/v2\/types\/page"}],"author":[{"embeddable":true,"href":"https:\/\/finestres.es\/es\/wp-json\/wp\/v2\/users\/1"}],"replies":[{"embeddable":true,"href":"https:\/\/finestres.es\/es\/wp-json\/wp\/v2\/comments?post=461"}],"version-history":[{"count":2,"href":"https:\/\/finestres.es\/es\/wp-json\/wp\/v2\/pages\/461\/revisions"}],"predecessor-version":[{"id":748,"href":"https:\/\/finestres.es\/es\/wp-json\/wp\/v2\/pages\/461\/revisions\/748"}],"wp:attachment":[{"href":"https:\/\/finestres.es\/es\/wp-json\/wp\/v2\/media?parent=461"}],"curies":[{"name":"wp","href":"https:\/\/api.w.org\/{rel}","templated":true}]}}