{"id":467,"date":"2023-03-09T09:38:40","date_gmt":"2023-03-09T09:38:40","guid":{"rendered":"https:\/\/finestres.es\/?page_id=467"},"modified":"2023-03-28T13:52:04","modified_gmt":"2023-03-28T13:52:04","slug":"finestres-practicables-pvc","status":"publish","type":"page","link":"https:\/\/finestres.es\/es\/ventanas-de-pvc\/finestres-practicables-pvc\/","title":{"rendered":"VENTANAS PRACTICABLES PVC"},"content":{"rendered":"<div class=\"wpb-content-wrapper\"><p>[vc_row full_width=\u00bbstretch_row_content\u00bb css=\u00bb.vc_custom_1678182829240{background-color: #fefaf0 !important;}\u00bb][vc_column offset=\u00bbvc_hidden-sm vc_hidden-xs\u00bb][vc_empty_space height=\u00bb105px\u00bb css=\u00bb.vc_custom_1678182862734{background-color: #fefaf0 !important;}\u00bb][\/vc_column][\/vc_row][vc_row full_width=\u00bbstretch_row_content\u00bb css=\u00bb.vc_custom_1678182833784{background-color: #fefaf0 !important;}\u00bb][vc_column offset=\u00bbvc_hidden-lg vc_hidden-md\u00bb][vc_empty_space height=\u00bb45px\u00bb][\/vc_column][\/vc_row][vc_row][vc_column][vc_empty_space height=\u00bb50px\u00bb][\/vc_column][\/vc_row][vc_row gap=\u00bb35&#8243; css=\u00bb.vc_custom_1678264965597{background-position: center !important;background-repeat: no-repeat !important;background-size: cover !important;}\u00bb][vc_column width=\u00bb1\/2&#8243;][vc_column_text]<\/p>\n<h2>VENTANAS <span style=\"color: #f4bd21;\">PRACTICABLES<\/span><\/h2>\n<p>[\/vc_column_text][vc_column_text css=\u00bb.vc_custom_1678275557976{margin-right: 10px !important;margin-left: 10px !important;}\u00bb]<\/p>\n<p style=\"text-align: justify;\">Son aquellas ventanas que pueden proporcionar un aislamiento t\u00e9rmico y ac\u00fastico al mismo tiempo y que facilitan las tareas de ventilaci\u00f3n y limpieza de las piezas.<\/p>\n<p>Este tipo de ventanas es una de las opciones con m\u00e1s demanda por parte de los clientes y cuentan con una apertura en el que la hoja gira a un eje vertical, apoy\u00e1ndose a las bisagras.<\/p>\n<p>[\/vc_column_text][vc_row_inner][vc_column_inner width=\u00bb1\/2&#8243;][vc_btn title=\u00bbEuro Future Elegance\u00bb style=\u00bbcustom\u00bb custom_background=\u00bb#f4bd21&#8243; custom_text=\u00bb#ffffff\u00bb link=\u00bburl:%2Fes%2Fventanas-de-pvc%2Ffinestres-practicables-pvc%2Feurofuture-elegance%2F|title:EuroFuture%20Elegance\u00bb][\/vc_column_inner][vc_column_inner width=\u00bb1\/2&#8243;][vc_btn title=\u00bbK\u00d6MMERLING 76&#8243; style=\u00bbcustom\u00bb custom_background=\u00bb#f4bd21&#8243; custom_text=\u00bb#ffffff\u00bb link=\u00bburl:%2Fes%2Fventanas-de-pvc%2Ffinestres-practicables-pvc%2Fkommerling-76%2F|title:VENTANAS%20DE%20ALUMINIO\u00bb][\/vc_column_inner][\/vc_row_inner][\/vc_column][vc_column width=\u00bb1\/2&#8243; css=\u00bb.vc_custom_1678264917821{background-position: center !important;background-repeat: no-repeat !important;background-size: cover !important;}\u00bb][vc_single_image image=\u00bb285&#8243; img_size=\u00bbfull\u00bb][\/vc_column][\/vc_row][vc_row][vc_column][vc_empty_space height=\u00bb50px\u00bb][\/vc_column][\/vc_row][vc_row gap=\u00bb35&#8243; full_height=\u00bbyes\u00bb css=\u00bb.vc_custom_1678362415977{margin-right: 10px !important;margin-left: 10px !important;}\u00bb el_class=\u00bbformulario\u00bb][vc_column width=\u00bb1\/2&#8243; css=\u00bb.vc_custom_1678263535766{border: 2px solid #ebebeb !important;border-radius: 35px !important;}\u00bb][vc_column_text]<\/p>\n<h3 style=\"text-align: center;\">Contacta con nosotros<\/h3>\n<p>[\/vc_column_text]\n<div class=\"wpcf7 no-js\" id=\"wpcf7-f143-o1\" lang=\"es-ES\" dir=\"ltr\" data-wpcf7-id=\"143\">\n<div class=\"screen-reader-response\"><p role=\"status\" aria-live=\"polite\" aria-atomic=\"true\"><\/p> <ul><\/ul><\/div>\n<form action=\"\/es\/wp-json\/wp\/v2\/pages\/467#wpcf7-f143-o1\" method=\"post\" class=\"wpcf7-form init\" aria-label=\"Formulario de contacto\" novalidate=\"novalidate\" data-status=\"init\">\n<fieldset class=\"hidden-fields-container\"><input type=\"hidden\" name=\"_wpcf7\" value=\"143\" \/><input type=\"hidden\" name=\"_wpcf7_version\" value=\"6.1.4\" \/><input type=\"hidden\" name=\"_wpcf7_locale\" value=\"es_ES\" \/><input type=\"hidden\" name=\"_wpcf7_unit_tag\" value=\"wpcf7-f143-o1\" \/><input type=\"hidden\" name=\"_wpcf7_container_post\" value=\"0\" \/><input type=\"hidden\" name=\"_wpcf7_posted_data_hash\" value=\"\" \/><input type=\"hidden\" name=\"_wpcf7_recaptcha_response\" value=\"\" \/>\n<\/fieldset>\n<p><label> Nombre<br \/>\n<span class=\"wpcf7-form-control-wrap\" data-name=\"your-name\"><input size=\"40\" maxlength=\"400\" class=\"wpcf7-form-control wpcf7-text wpcf7-validates-as-required\" autocomplete=\"name\" aria-required=\"true\" aria-invalid=\"false\" value=\"\" type=\"text\" name=\"your-name\" \/><\/span> <\/label>\n<\/p>\n<p><label> Email<br \/>\n<span class=\"wpcf7-form-control-wrap\" data-name=\"your-email\"><input size=\"40\" maxlength=\"400\" class=\"wpcf7-form-control wpcf7-email wpcf7-validates-as-required wpcf7-text wpcf7-validates-as-email\" autocomplete=\"email\" aria-required=\"true\" aria-invalid=\"false\" value=\"\" type=\"email\" name=\"your-email\" \/><\/span> <\/label>\n<\/p>\n<p><label> Tel\u00e9fono<br \/>\n<span class=\"wpcf7-form-control-wrap\" data-name=\"tel-293\"><input size=\"40\" maxlength=\"400\" class=\"wpcf7-form-control wpcf7-tel wpcf7-validates-as-required wpcf7-text wpcf7-validates-as-tel\" aria-required=\"true\" aria-invalid=\"false\" value=\"\" type=\"tel\" name=\"tel-293\" \/><\/span> <\/label>\n<\/p>\n<p><label> Mensaje (opcional)<br \/>\n<span class=\"wpcf7-form-control-wrap\" data-name=\"your-message\"><textarea cols=\"40\" rows=\"10\" maxlength=\"2000\" class=\"wpcf7-form-control wpcf7-textarea\" aria-invalid=\"false\" name=\"your-message\"><\/textarea><\/span> <\/label>\n<\/p>\n<span class=\"wpcf7-form-control-wrap recaptcha\" data-name=\"recaptcha\"><span data-sitekey=\"6LfX0jslAAAAAFddsNQPza6hRlQHsdnpsyQ48NN2\" class=\"wpcf7-form-control wpcf7-recaptcha g-recaptcha\"><\/span>\r\n<noscript>\r\n\t<div class=\"grecaptcha-noscript\">\r\n\t\t<iframe loading=\"lazy\" src=\"https:\/\/www.google.com\/recaptcha\/api\/fallback?k=6LfX0jslAAAAAFddsNQPza6hRlQHsdnpsyQ48NN2\" frameborder=\"0\" scrolling=\"no\" width=\"310\" height=\"430\">\r\n\t\t<\/iframe>\r\n\t\t<textarea name=\"g-recaptcha-response\" rows=\"3\" cols=\"40\" placeholder=\"Aqu\u00ed la respuesta de reCAPTCHA\">\r\n\t\t<\/textarea>\r\n\t<\/div>\r\n<\/noscript>\r\n<\/span>\n<p><span class=\"wpcf7-form-control-wrap\" data-name=\"Enviodedatos\"><span class=\"wpcf7-form-control wpcf7-acceptance\"><span class=\"wpcf7-list-item\"><label><input type=\"checkbox\" name=\"Enviodedatos\" value=\"1\" aria-invalid=\"false\" \/><span class=\"wpcf7-list-item-label\">\u00bfAceptas el env\u00edo de datos?<\/span><\/label><\/span><\/span><\/span>\n<\/p>\n<p><span class=\"wpcf7-form-control-wrap\" data-name=\"Enviodedatos\"><span class=\"wpcf7-form-control wpcf7-acceptance\"><span class=\"wpcf7-list-item\"><label><input type=\"checkbox\" name=\"Enviodedatos\" value=\"1\" aria-invalid=\"false\" \/><span class=\"wpcf7-list-item-label\">\u00bfAceptas la <a href=\"\/es\/aviso-legal-politica-de-privacidad\/\"><strong>pol\u00edtica de privacidad<\/strong><\/a>?<\/span><\/label><\/span><\/span><\/span>\n<\/p>\n<p><input class=\"wpcf7-form-control wpcf7-submit has-spinner\" type=\"submit\" value=\"Enviar\" \/>\n<\/p><div class=\"wpcf7-response-output\" aria-hidden=\"true\"><\/div>\n<\/form>\n<\/div>\n[\/vc_column][vc_column width=\u00bb1\/2&#8243; css=\u00bb.vc_custom_1678362502025{background-image: url(https:\/\/finestres.es\/wp-content\/uploads\/2023\/03\/hermeticline-6-scaled-1.jpg?id=643) !important;background-position: center !important;background-repeat: no-repeat !important;background-size: cover !important;}\u00bb offset=\u00bbvc_hidden-sm vc_hidden-xs\u00bb][\/vc_column][\/vc_row][vc_row][vc_column][vc_empty_space height=\u00bb50px\u00bb][\/vc_column][\/vc_row]<\/p>\n<\/div>","protected":false},"excerpt":{"rendered":"<p>[vc_row full_width=\u00bbstretch_row_content\u00bb css=\u00bb.vc_custom_1678182829240{background-color: #fefaf0 !important;}\u00bb][vc_column offset=\u00bbvc_hidden-sm vc_hidden-xs\u00bb][vc_empty_space height=\u00bb105px\u00bb css=\u00bb.vc_custom_1678182862734{background-color: #fefaf0 !important;}\u00bb][\/vc_column][\/vc_row][vc_row full_width=\u00bbstretch_row_content\u00bb css=\u00bb.vc_custom_1678182833784{background-color: #fefaf0 !important;}\u00bb][vc_column offset=\u00bbvc_hidden-lg vc_hidden-md\u00bb][vc_empty_space height=\u00bb45px\u00bb][\/vc_column][\/vc_row][vc_row][vc_column][vc_empty_space height=\u00bb50px\u00bb][\/vc_column][\/vc_row][vc_row gap=\u00bb35&#8243; css=\u00bb.vc_custom_1678264965597{background-position: center !important;background-repeat: no-repeat !important;background-size: cover !important;}\u00bb][vc_column width=\u00bb1\/2&#8243;][vc_column_text] VENTANAS PRACTICABLES [\/vc_column_text][vc_column_text css=\u00bb.vc_custom_1678275557976{margin-right: 10px !important;margin-left: 10px !important;}\u00bb] Son aquellas ventanas que pueden proporcionar un aislamiento t\u00e9rmico y ac\u00fastico al mismo tiempo y que facilitan las tareas&hellip;&nbsp;<a href=\"https:\/\/finestres.es\/es\/ventanas-de-pvc\/finestres-practicables-pvc\/\" rel=\"bookmark\">Llegir m\u00e9s \u00bb<span class=\"screen-reader-text\">VENTANAS PRACTICABLES PVC<\/span><\/a><\/p>\n","protected":false},"author":1,"featured_media":0,"parent":473,"menu_order":0,"comment_status":"closed","ping_status":"closed","template":"","meta":{"neve_meta_sidebar":"","neve_meta_container":"","neve_meta_enable_content_width":"off","neve_meta_content_width":100,"neve_meta_title_alignment":"","neve_meta_author_avatar":"","neve_post_elements_order":"","neve_meta_disable_header":"","neve_meta_disable_footer":"","neve_meta_disable_title":"on","neve_meta_reading_time":"","footnotes":""},"class_list":["post-467","page","type-page","status-publish","hentry"],"yoast_head":"<!-- This site is optimized with the Yoast SEO plugin v26.7 - https:\/\/yoast.com\/wordpress\/plugins\/seo\/ -->\n<title>Ventanas KL-BG\u00a0hojas\u00a0ocultas\u00a0- Ventanas<\/title>\n<meta name=\"description\" content=\"Fabricamos ventanas practicables de PVC. Consulta las condiciones y solicita presupuesto sin compromiso.\" \/>\n<meta name=\"robots\" content=\"index, follow, max-snippet:-1, max-image-preview:large, max-video-preview:-1\" \/>\n<link rel=\"canonical\" href=\"https:\/\/finestres.es\/es\/ventanas-de-pvc\/finestres-practicables-pvc\/\" \/>\n<meta property=\"og:locale\" content=\"es_ES\" \/>\n<meta property=\"og:type\" content=\"article\" \/>\n<meta property=\"og:title\" content=\"Ventanas KL-BG\u00a0hojas\u00a0ocultas\u00a0- Ventanas\" \/>\n<meta property=\"og:description\" content=\"Fabricamos ventanas practicables de PVC. Consulta las condiciones y solicita presupuesto sin compromiso.\" \/>\n<meta property=\"og:url\" content=\"https:\/\/finestres.es\/es\/ventanas-de-pvc\/finestres-practicables-pvc\/\" \/>\n<meta property=\"og:site_name\" content=\"Finestres\" \/>\n<meta property=\"article:modified_time\" content=\"2023-03-28T13:52:04+00:00\" \/>\n<meta name=\"twitter:card\" content=\"summary_large_image\" \/>\n<meta name=\"twitter:label1\" content=\"Tiempo de lectura\" \/>\n\t<meta name=\"twitter:data1\" content=\"1 minuto\" \/>\n<script type=\"application\/ld+json\" class=\"yoast-schema-graph\">{\"@context\":\"https:\/\/schema.org\",\"@graph\":[{\"@type\":\"WebPage\",\"@id\":\"https:\/\/finestres.es\/es\/ventanas-de-pvc\/finestres-practicables-pvc\/\",\"url\":\"https:\/\/finestres.es\/es\/ventanas-de-pvc\/finestres-practicables-pvc\/\",\"name\":\"Ventanas KL-BG\u00a0hojas\u00a0ocultas\u00a0- Ventanas\",\"isPartOf\":{\"@id\":\"https:\/\/finestres.es\/#website\"},\"datePublished\":\"2023-03-09T09:38:40+00:00\",\"dateModified\":\"2023-03-28T13:52:04+00:00\",\"description\":\"Fabricamos ventanas practicables de PVC. Consulta las condiciones y solicita presupuesto sin compromiso.\",\"breadcrumb\":{\"@id\":\"https:\/\/finestres.es\/es\/ventanas-de-pvc\/finestres-practicables-pvc\/#breadcrumb\"},\"inLanguage\":\"es\",\"potentialAction\":[{\"@type\":\"ReadAction\",\"target\":[\"https:\/\/finestres.es\/es\/ventanas-de-pvc\/finestres-practicables-pvc\/\"]}]},{\"@type\":\"BreadcrumbList\",\"@id\":\"https:\/\/finestres.es\/es\/ventanas-de-pvc\/finestres-practicables-pvc\/#breadcrumb\",\"itemListElement\":[{\"@type\":\"ListItem\",\"position\":1,\"name\":\"Portada\",\"item\":\"https:\/\/finestres.es\/es\/\"},{\"@type\":\"ListItem\",\"position\":2,\"name\":\"VENTANAS DE PVC\",\"item\":\"https:\/\/finestres.es\/es\/ventanas-de-pvc\/\"},{\"@type\":\"ListItem\",\"position\":3,\"name\":\"VENTANAS PRACTICABLES PVC\"}]},{\"@type\":\"WebSite\",\"@id\":\"https:\/\/finestres.es\/#website\",\"url\":\"https:\/\/finestres.es\/\",\"name\":\"Finestres\",\"description\":\"\",\"potentialAction\":[{\"@type\":\"SearchAction\",\"target\":{\"@type\":\"EntryPoint\",\"urlTemplate\":\"https:\/\/finestres.es\/?s={search_term_string}\"},\"query-input\":{\"@type\":\"PropertyValueSpecification\",\"valueRequired\":true,\"valueName\":\"search_term_string\"}}],\"inLanguage\":\"es\"}]}<\/script>\n<!-- \/ Yoast SEO plugin. -->","yoast_head_json":{"title":"Ventanas KL-BG\u00a0hojas\u00a0ocultas\u00a0- Ventanas","description":"Fabricamos ventanas practicables de PVC. Consulta las condiciones y solicita presupuesto sin compromiso.","robots":{"index":"index","follow":"follow","max-snippet":"max-snippet:-1","max-image-preview":"max-image-preview:large","max-video-preview":"max-video-preview:-1"},"canonical":"https:\/\/finestres.es\/es\/ventanas-de-pvc\/finestres-practicables-pvc\/","og_locale":"es_ES","og_type":"article","og_title":"Ventanas KL-BG\u00a0hojas\u00a0ocultas\u00a0- Ventanas","og_description":"Fabricamos ventanas practicables de PVC. Consulta las condiciones y solicita presupuesto sin compromiso.","og_url":"https:\/\/finestres.es\/es\/ventanas-de-pvc\/finestres-practicables-pvc\/","og_site_name":"Finestres","article_modified_time":"2023-03-28T13:52:04+00:00","twitter_card":"summary_large_image","twitter_misc":{"Tiempo de lectura":"1 minuto"},"schema":{"@context":"https:\/\/schema.org","@graph":[{"@type":"WebPage","@id":"https:\/\/finestres.es\/es\/ventanas-de-pvc\/finestres-practicables-pvc\/","url":"https:\/\/finestres.es\/es\/ventanas-de-pvc\/finestres-practicables-pvc\/","name":"Ventanas KL-BG\u00a0hojas\u00a0ocultas\u00a0- Ventanas","isPartOf":{"@id":"https:\/\/finestres.es\/#website"},"datePublished":"2023-03-09T09:38:40+00:00","dateModified":"2023-03-28T13:52:04+00:00","description":"Fabricamos ventanas practicables de PVC. Consulta las condiciones y solicita presupuesto sin compromiso.","breadcrumb":{"@id":"https:\/\/finestres.es\/es\/ventanas-de-pvc\/finestres-practicables-pvc\/#breadcrumb"},"inLanguage":"es","potentialAction":[{"@type":"ReadAction","target":["https:\/\/finestres.es\/es\/ventanas-de-pvc\/finestres-practicables-pvc\/"]}]},{"@type":"BreadcrumbList","@id":"https:\/\/finestres.es\/es\/ventanas-de-pvc\/finestres-practicables-pvc\/#breadcrumb","itemListElement":[{"@type":"ListItem","position":1,"name":"Portada","item":"https:\/\/finestres.es\/es\/"},{"@type":"ListItem","position":2,"name":"VENTANAS DE PVC","item":"https:\/\/finestres.es\/es\/ventanas-de-pvc\/"},{"@type":"ListItem","position":3,"name":"VENTANAS PRACTICABLES PVC"}]},{"@type":"WebSite","@id":"https:\/\/finestres.es\/#website","url":"https:\/\/finestres.es\/","name":"Finestres","description":"","potentialAction":[{"@type":"SearchAction","target":{"@type":"EntryPoint","urlTemplate":"https:\/\/finestres.es\/?s={search_term_string}"},"query-input":{"@type":"PropertyValueSpecification","valueRequired":true,"valueName":"search_term_string"}}],"inLanguage":"es"}]}},"_links":{"self":[{"href":"https:\/\/finestres.es\/es\/wp-json\/wp\/v2\/pages\/467","targetHints":{"allow":["GET"]}}],"collection":[{"href":"https:\/\/finestres.es\/es\/wp-json\/wp\/v2\/pages"}],"about":[{"href":"https:\/\/finestres.es\/es\/wp-json\/wp\/v2\/types\/page"}],"author":[{"embeddable":true,"href":"https:\/\/finestres.es\/es\/wp-json\/wp\/v2\/users\/1"}],"replies":[{"embeddable":true,"href":"https:\/\/finestres.es\/es\/wp-json\/wp\/v2\/comments?post=467"}],"version-history":[{"count":7,"href":"https:\/\/finestres.es\/es\/wp-json\/wp\/v2\/pages\/467\/revisions"}],"predecessor-version":[{"id":642,"href":"https:\/\/finestres.es\/es\/wp-json\/wp\/v2\/pages\/467\/revisions\/642"}],"up":[{"embeddable":true,"href":"https:\/\/finestres.es\/es\/wp-json\/wp\/v2\/pages\/473"}],"wp:attachment":[{"href":"https:\/\/finestres.es\/es\/wp-json\/wp\/v2\/media?parent=467"}],"curies":[{"name":"wp","href":"https:\/\/api.w.org\/{rel}","templated":true}]}}