{"id":473,"date":"2023-03-08T11:50:13","date_gmt":"2023-03-08T11:50:13","guid":{"rendered":"https:\/\/finestres.es\/?page_id=473"},"modified":"2023-03-28T14:24:22","modified_gmt":"2023-03-28T14:24:22","slug":"ventanas-de-pvc","status":"publish","type":"page","link":"https:\/\/finestres.es\/es\/ventanas-de-pvc\/","title":{"rendered":"VENTANAS DE PVC"},"content":{"rendered":"<div class=\"wpb-content-wrapper\"><p>[vc_row full_width=\u00bbstretch_row_content\u00bb css=\u00bb.vc_custom_1678092411681{background-color: #fefaf0 !important;background-position: center !important;background-repeat: no-repeat !important;background-size: cover !important;}\u00bb][vc_column offset=\u00bbvc_hidden-sm vc_hidden-xs\u00bb][vc_empty_space height=\u00bb105px\u00bb][\/vc_column][\/vc_row][vc_row full_width=\u00bbstretch_row_content\u00bb css=\u00bb.vc_custom_1678092411681{background-color: #fefaf0 !important;background-position: center !important;background-repeat: no-repeat !important;background-size: cover !important;}\u00bb][vc_column offset=\u00bbvc_hidden-lg vc_hidden-md\u00bb][vc_empty_space height=\u00bb45px\u00bb][\/vc_column][\/vc_row][vc_row][vc_column][vc_empty_space height=\u00bb50px\u00bb][\/vc_column][\/vc_row][vc_row gap=\u00bb35&#8243; full_height=\u00bbyes\u00bb][vc_column width=\u00bb1\/2&#8243;][vc_column_text]<\/p>\n<h1>VENTANAS <span style=\"color: #f4be24;\">DE PVC<\/span><\/h1>\n<p>[\/vc_column_text][vc_column_text css=\u00bb.vc_custom_1680013349023{margin-right: 10px !important;margin-left: 10px !important;}\u00bb]<\/p>\n<p style=\"text-align: justify;\">Las ventanas de PVC proporcionan un gran aislamiento, gracias a su naturaleza no conductora. Instalando este tipo de ventanas podr\u00e1s reducir el ruido y aumentar la eficiencia energ\u00e9tica en tu hogar y, por lo tanto, aumentar tambi\u00e9n el confort t\u00e9rmico y ac\u00fastico en tu d\u00eda a d\u00eda. Presentan una gran durabilidad y no requieren mucho mantenimiento para conservarse en buen estado. Al instalar unas ventanas de PVC est\u00e1s ahorrando dinero y energ\u00eda, puesto que es un tipo de material que permite reducir el consumo energ\u00e9tico y, en consecuencia, mantiene la temperatura ambiente estable durante m\u00e1s rato.<\/p>\n<p style=\"text-align: justify;\">Instalando nuestras ventanas de PVC, no har\u00e1 falta que utilices con tanta frecuencia los sistemas de climatizaci\u00f3n y, de otra banda, son respetuosas con el medio ambiente, porque durante su fabricaci\u00f3n no desprenden ning\u00fan tipo de sustancia t\u00f3xica y pueden reciclarse, para fabricar nuevas ventanas. Si buscas unas ventanas por toda la vida que sean c\u00f3modas, pr\u00e1cticas y que te hagan aumentar la eficiencia energ\u00e9tica de tu hogar, no lo dudes, apuesta por unas ventanas de PVC.<\/p>\n<p>[\/vc_column_text][\/vc_column][vc_column width=\u00bb1\/2&#8243; css=\u00bb.vc_custom_1678267262102{background-image: url(https:\/\/finestres.es\/wp-content\/uploads\/2023\/03\/FINESTRES-PVC.png?id=286) !important;background-position: center !important;background-repeat: no-repeat !important;background-size: cover !important;}\u00bb offset=\u00bbvc_hidden-sm vc_hidden-xs\u00bb][\/vc_column][\/vc_row][vc_row][vc_column offset=\u00bbvc_hidden-lg vc_hidden-md\u00bb][vc_single_image image=\u00bb286&#8243; img_size=\u00bbfull\u00bb][\/vc_column][\/vc_row][vc_row][vc_column][vc_empty_space height=\u00bb50px\u00bb][\/vc_column][\/vc_row][vc_row gap=\u00bb35&#8243;][vc_column width=\u00bb1\/3&#8243;][vc_single_image image=\u00bb40&#8243; img_size=\u00bbmedium\u00bb alignment=\u00bbcenter\u00bb][vc_column_text]<\/p>\n<h3 style=\"text-align: center;\">PRACTICABLES<\/h3>\n<p>[\/vc_column_text][vc_column_text]<\/p>\n<p style=\"text-align: center;\">Este tipo de ventanas es una de las opciones con m\u00e1s demanda por parte de los clientes y cuentan con una apertura en el que la hoja gira a un eje vertical, apoy\u00e1ndose a las bisagras.<\/p>\n<p>[\/vc_column_text][vc_btn title=\u00bbVER M\u00c1S\u00bb style=\u00bbflat\u00bb shape=\u00bbsquare\u00bb color=\u00bbblack\u00bb size=\u00bblg\u00bb align=\u00bbcenter\u00bb link=\u00bburl:%2Fes%2Fventanas-de-pvc%2Ffinestres-practicables-pvc%2F|title:FINESTRES%20PRACTICABLES\u00bb][\/vc_column][vc_column width=\u00bb1\/3&#8243;][vc_single_image image=\u00bb41&#8243; img_size=\u00bbmedium\u00bb alignment=\u00bbcenter\u00bb][vc_column_text]<\/p>\n<h3 style=\"text-align: center;\">BALCONERAS<\/h3>\n<p>[\/vc_column_text][vc_column_text]<\/p>\n<p style=\"text-align: center;\">Son ventanas muy resistentes y est\u00e1n pensadas para conectar con espacios exteriores y por los cierres de terrazas. Pueden adaptarse a tus necesidades y a tus gustos.<\/p>\n<p>[\/vc_column_text][vc_btn title=\u00bbVER M\u00c1S\u00bb style=\u00bbflat\u00bb shape=\u00bbsquare\u00bb color=\u00bbblack\u00bb size=\u00bblg\u00bb align=\u00bbcenter\u00bb link=\u00bburl:%2Fes%2Fventanas-de-pvc%2Fventanas-balconeras-pvc%2F|title:FINESTRES%20BALCONERES\u00bb][\/vc_column][vc_column width=\u00bb1\/3&#8243;][vc_single_image image=\u00bb42&#8243; img_size=\u00bbmedium\u00bb alignment=\u00bbcenter\u00bb][vc_column_text]<\/p>\n<h3 style=\"text-align: center;\">CORREDERAS<\/h3>\n<p>[\/vc_column_text][vc_column_text]<\/p>\n<p style=\"text-align: center;\">Son deslizantes e ideales por lugares con poco espacio, a los cuales no es posible instalar una hoja practicable, porque hay obst\u00e1culos o una zona de paso muy estrecha.<\/p>\n<p>[\/vc_column_text][vc_btn title=\u00bbVER M\u00c1S\u00bb style=\u00bbflat\u00bb shape=\u00bbsquare\u00bb color=\u00bbblack\u00bb size=\u00bblg\u00bb align=\u00bbcenter\u00bb link=\u00bburl:%2Fes%2Fventanas-de-pvc%2Fventanas-correderas-pvc%2F|title:FINESTRES%20CORREDISSES\u00bb][\/vc_column][\/vc_row][vc_row][vc_column][vc_empty_space height=\u00bb50px\u00bb][\/vc_column][\/vc_row]<\/p>\n<\/div>","protected":false},"excerpt":{"rendered":"<p>[vc_row full_width=\u00bbstretch_row_content\u00bb css=\u00bb.vc_custom_1678092411681{background-color: #fefaf0 !important;background-position: center !important;background-repeat: no-repeat !important;background-size: cover !important;}\u00bb][vc_column offset=\u00bbvc_hidden-sm vc_hidden-xs\u00bb][vc_empty_space height=\u00bb105px\u00bb][\/vc_column][\/vc_row][vc_row full_width=\u00bbstretch_row_content\u00bb css=\u00bb.vc_custom_1678092411681{background-color: #fefaf0 !important;background-position: center !important;background-repeat: no-repeat !important;background-size: cover !important;}\u00bb][vc_column offset=\u00bbvc_hidden-lg vc_hidden-md\u00bb][vc_empty_space height=\u00bb45px\u00bb][\/vc_column][\/vc_row][vc_row][vc_column][vc_empty_space height=\u00bb50px\u00bb][\/vc_column][\/vc_row][vc_row gap=\u00bb35&#8243; full_height=\u00bbyes\u00bb][vc_column width=\u00bb1\/2&#8243;][vc_column_text] VENTANAS DE PVC [\/vc_column_text][vc_column_text css=\u00bb.vc_custom_1680013349023{margin-right: 10px !important;margin-left: 10px !important;}\u00bb] Las ventanas de PVC proporcionan un gran aislamiento, gracias a su naturaleza no conductora. Instalando&hellip;&nbsp;<a href=\"https:\/\/finestres.es\/es\/ventanas-de-pvc\/\" rel=\"bookmark\">Llegir m\u00e9s \u00bb<span class=\"screen-reader-text\">VENTANAS DE PVC<\/span><\/a><\/p>\n","protected":false},"author":1,"featured_media":0,"parent":0,"menu_order":0,"comment_status":"closed","ping_status":"closed","template":"","meta":{"neve_meta_sidebar":"","neve_meta_container":"","neve_meta_enable_content_width":"off","neve_meta_content_width":100,"neve_meta_title_alignment":"","neve_meta_author_avatar":"","neve_post_elements_order":"","neve_meta_disable_header":"","neve_meta_disable_footer":"","neve_meta_disable_title":"on","neve_meta_reading_time":"","footnotes":""},"class_list":["post-473","page","type-page","status-publish","hentry"],"yoast_head":"<!-- This site is optimized with the Yoast SEO plugin v26.7 - https:\/\/yoast.com\/wordpress\/plugins\/seo\/ -->\n<title>Fabricaci\u00f3n ventanas de PVC - Ventanas<\/title>\n<meta name=\"description\" content=\"Disponemos de experiencia en la fabricaci\u00f3n de ventanas de PVC de alta calidad. Fabricamos soluciones eficientes y duraderas.\" \/>\n<meta name=\"robots\" content=\"index, follow, max-snippet:-1, max-image-preview:large, max-video-preview:-1\" \/>\n<link rel=\"canonical\" href=\"https:\/\/finestres.es\/es\/ventanas-de-pvc\/\" \/>\n<meta property=\"og:locale\" content=\"es_ES\" \/>\n<meta property=\"og:type\" content=\"article\" \/>\n<meta property=\"og:title\" content=\"Fabricaci\u00f3n ventanas de PVC - Ventanas\" \/>\n<meta property=\"og:description\" content=\"Disponemos de experiencia en la fabricaci\u00f3n de ventanas de PVC de alta calidad. Fabricamos soluciones eficientes y duraderas.\" \/>\n<meta property=\"og:url\" content=\"https:\/\/finestres.es\/es\/ventanas-de-pvc\/\" \/>\n<meta property=\"og:site_name\" content=\"Finestres\" \/>\n<meta property=\"article:modified_time\" content=\"2023-03-28T14:24:22+00:00\" \/>\n<meta name=\"twitter:card\" content=\"summary_large_image\" \/>\n<meta name=\"twitter:label1\" content=\"Tiempo de lectura\" \/>\n\t<meta name=\"twitter:data1\" content=\"3 minutos\" \/>\n<script type=\"application\/ld+json\" class=\"yoast-schema-graph\">{\"@context\":\"https:\/\/schema.org\",\"@graph\":[{\"@type\":\"WebPage\",\"@id\":\"https:\/\/finestres.es\/es\/ventanas-de-pvc\/\",\"url\":\"https:\/\/finestres.es\/es\/ventanas-de-pvc\/\",\"name\":\"Fabricaci\u00f3n ventanas de PVC - Ventanas\",\"isPartOf\":{\"@id\":\"https:\/\/finestres.es\/#website\"},\"datePublished\":\"2023-03-08T11:50:13+00:00\",\"dateModified\":\"2023-03-28T14:24:22+00:00\",\"description\":\"Disponemos de experiencia en la fabricaci\u00f3n de ventanas de PVC de alta calidad. Fabricamos soluciones eficientes y duraderas.\",\"breadcrumb\":{\"@id\":\"https:\/\/finestres.es\/es\/ventanas-de-pvc\/#breadcrumb\"},\"inLanguage\":\"es\",\"potentialAction\":[{\"@type\":\"ReadAction\",\"target\":[\"https:\/\/finestres.es\/es\/ventanas-de-pvc\/\"]}]},{\"@type\":\"BreadcrumbList\",\"@id\":\"https:\/\/finestres.es\/es\/ventanas-de-pvc\/#breadcrumb\",\"itemListElement\":[{\"@type\":\"ListItem\",\"position\":1,\"name\":\"Portada\",\"item\":\"https:\/\/finestres.es\/es\/\"},{\"@type\":\"ListItem\",\"position\":2,\"name\":\"VENTANAS DE PVC\"}]},{\"@type\":\"WebSite\",\"@id\":\"https:\/\/finestres.es\/#website\",\"url\":\"https:\/\/finestres.es\/\",\"name\":\"Finestres\",\"description\":\"\",\"potentialAction\":[{\"@type\":\"SearchAction\",\"target\":{\"@type\":\"EntryPoint\",\"urlTemplate\":\"https:\/\/finestres.es\/?s={search_term_string}\"},\"query-input\":{\"@type\":\"PropertyValueSpecification\",\"valueRequired\":true,\"valueName\":\"search_term_string\"}}],\"inLanguage\":\"es\"}]}<\/script>\n<!-- \/ Yoast SEO plugin. -->","yoast_head_json":{"title":"Fabricaci\u00f3n ventanas de PVC - Ventanas","description":"Disponemos de experiencia en la fabricaci\u00f3n de ventanas de PVC de alta calidad. Fabricamos soluciones eficientes y duraderas.","robots":{"index":"index","follow":"follow","max-snippet":"max-snippet:-1","max-image-preview":"max-image-preview:large","max-video-preview":"max-video-preview:-1"},"canonical":"https:\/\/finestres.es\/es\/ventanas-de-pvc\/","og_locale":"es_ES","og_type":"article","og_title":"Fabricaci\u00f3n ventanas de PVC - Ventanas","og_description":"Disponemos de experiencia en la fabricaci\u00f3n de ventanas de PVC de alta calidad. Fabricamos soluciones eficientes y duraderas.","og_url":"https:\/\/finestres.es\/es\/ventanas-de-pvc\/","og_site_name":"Finestres","article_modified_time":"2023-03-28T14:24:22+00:00","twitter_card":"summary_large_image","twitter_misc":{"Tiempo de lectura":"3 minutos"},"schema":{"@context":"https:\/\/schema.org","@graph":[{"@type":"WebPage","@id":"https:\/\/finestres.es\/es\/ventanas-de-pvc\/","url":"https:\/\/finestres.es\/es\/ventanas-de-pvc\/","name":"Fabricaci\u00f3n ventanas de PVC - Ventanas","isPartOf":{"@id":"https:\/\/finestres.es\/#website"},"datePublished":"2023-03-08T11:50:13+00:00","dateModified":"2023-03-28T14:24:22+00:00","description":"Disponemos de experiencia en la fabricaci\u00f3n de ventanas de PVC de alta calidad. Fabricamos soluciones eficientes y duraderas.","breadcrumb":{"@id":"https:\/\/finestres.es\/es\/ventanas-de-pvc\/#breadcrumb"},"inLanguage":"es","potentialAction":[{"@type":"ReadAction","target":["https:\/\/finestres.es\/es\/ventanas-de-pvc\/"]}]},{"@type":"BreadcrumbList","@id":"https:\/\/finestres.es\/es\/ventanas-de-pvc\/#breadcrumb","itemListElement":[{"@type":"ListItem","position":1,"name":"Portada","item":"https:\/\/finestres.es\/es\/"},{"@type":"ListItem","position":2,"name":"VENTANAS DE PVC"}]},{"@type":"WebSite","@id":"https:\/\/finestres.es\/#website","url":"https:\/\/finestres.es\/","name":"Finestres","description":"","potentialAction":[{"@type":"SearchAction","target":{"@type":"EntryPoint","urlTemplate":"https:\/\/finestres.es\/?s={search_term_string}"},"query-input":{"@type":"PropertyValueSpecification","valueRequired":true,"valueName":"search_term_string"}}],"inLanguage":"es"}]}},"_links":{"self":[{"href":"https:\/\/finestres.es\/es\/wp-json\/wp\/v2\/pages\/473","targetHints":{"allow":["GET"]}}],"collection":[{"href":"https:\/\/finestres.es\/es\/wp-json\/wp\/v2\/pages"}],"about":[{"href":"https:\/\/finestres.es\/es\/wp-json\/wp\/v2\/types\/page"}],"author":[{"embeddable":true,"href":"https:\/\/finestres.es\/es\/wp-json\/wp\/v2\/users\/1"}],"replies":[{"embeddable":true,"href":"https:\/\/finestres.es\/es\/wp-json\/wp\/v2\/comments?post=473"}],"version-history":[{"count":4,"href":"https:\/\/finestres.es\/es\/wp-json\/wp\/v2\/pages\/473\/revisions"}],"predecessor-version":[{"id":835,"href":"https:\/\/finestres.es\/es\/wp-json\/wp\/v2\/pages\/473\/revisions\/835"}],"wp:attachment":[{"href":"https:\/\/finestres.es\/es\/wp-json\/wp\/v2\/media?parent=473"}],"curies":[{"name":"wp","href":"https:\/\/api.w.org\/{rel}","templated":true}]}}