{"id":599,"date":"2023-03-09T10:10:40","date_gmt":"2023-03-09T10:10:40","guid":{"rendered":"https:\/\/finestres.es\/?page_id=599"},"modified":"2023-03-28T14:18:32","modified_gmt":"2023-03-28T14:18:32","slug":"contacto","status":"publish","type":"page","link":"https:\/\/finestres.es\/es\/contacto\/","title":{"rendered":"CONTACTO"},"content":{"rendered":"<div class=\"wpb-content-wrapper\"><p>[vc_row full_width=\u00bbstretch_row_content\u00bb][vc_column css=\u00bb.vc_custom_1678182375161{background-color: #fefaf0 !important;}\u00bb offset=\u00bbvc_hidden-sm vc_hidden-xs\u00bb][vc_empty_space height=\u00bb105px\u00bb][\/vc_column][\/vc_row][vc_row full_width=\u00bbstretch_row_content\u00bb][vc_column css=\u00bb.vc_custom_1678182444558{background-color: #fefaf0 !important;}\u00bb offset=\u00bbvc_hidden-lg vc_hidden-md\u00bb][vc_empty_space height=\u00bb45px\u00bb][\/vc_column][\/vc_row][vc_row][vc_column][vc_empty_space height=\u00bb50px\u00bb][\/vc_column][\/vc_row][vc_row gap=\u00bb35&#8243; css=\u00bb.vc_custom_1678182524041{margin-right: 10px !important;margin-left: 10px !important;}\u00bb][vc_column width=\u00bb1\/2&#8243;][vc_column_text]<\/p>\n<h1 style=\"font-size: 36px;\">Contacta con nosotros<\/h1>\n<p>[\/vc_column_text][vc_row_inner][vc_column_inner css=\u00bb.vc_custom_1678179240957{border-top-width: 2px !important;border-right-width: 2px !important;border-bottom-width: 2px !important;border-left-width: 2px !important;border-left-color: #ebebeb !important;border-left-style: solid !important;border-right-color: #ebebeb !important;border-right-style: solid !important;border-top-color: #ebebeb !important;border-top-style: solid !important;border-bottom-color: #ebebeb !important;border-bottom-style: solid !important;border-radius: 35px !important;}\u00bb][vc_column_text]<strong>Carrer de Rocafort, 99, 08205 Sabadell, Barcelona<\/strong><\/p>\n<p>Tel\u00e9fono: 93 717 27 29<br \/>\nEmail: <a style=\"color: black; text-decoration: none;\" href=\"mailto:info@hermeticline.es\">info@hermeticline.es<\/a>[\/vc_column_text][\/vc_column_inner][\/vc_row_inner][\/vc_column][vc_column width=\u00bb1\/2&#8243;][vc_row_inner][vc_column_inner][vc_column_text]<\/p>\n<h2 style=\"font-size: 20px;\">Puedes contactar con nosotros llenando el formulario de contacto con tus datos y tu consulta, ll\u00e1manos o env\u00edanos un correo electr\u00f3nico.<\/h2>\n<p>[\/vc_column_text][vc_single_image image=\u00bb171&#8243; img_size=\u00bbfull\u00bb alignment=\u00bbcenter\u00bb][\/vc_column_inner][\/vc_row_inner][\/vc_column][\/vc_row][vc_row gap=\u00bb35&#8243; css=\u00bb.vc_custom_1678182545447{margin-right: 10px !important;margin-left: 10px !important;}\u00bb][vc_column width=\u00bb1\/2&#8243;][vc_gmaps link=\u00bb#E-8_aHR0cHMlM0ElMkYlMkZ3d3cuZ29vZ2xlLmNvbSUyRm1hcHMlMkZlbWJlZCUzRnBiJTNEJTIxMW0xNCUyMTFtOCUyMTFtMyUyMTFkMjM4OTIuODg1MTA0Nzk3ODM1JTIxMmQyLjA5OTgxNCUyMTNkNDEuNTM0Mzc0JTIxM20yJTIxMWkxMDI0JTIxMmk3NjglMjE0ZjEzLjElMjEzbTMlMjExbTIlMjExczB4MCUyNTNBMHgyZTZiNDRjNWQ4MTVhZGMzJTIxMnNIZXJtZXRpY2xpbmUlMjE1ZTAlMjEzbTIlMjExc2VuJTIxMnNlcyUyMTR2MTY0OTg0Mjk0Nzg5OCUyMTVtMiUyMTFzZW4lMjEyc2Vz\u00bb size=\u00bb567px\u00bb][vc_media_grid grid_id=\u00bbvc_gid:1680013083541-844b2d66-c861-1&#8243;][\/vc_column][vc_column width=\u00bb1\/2&#8243; css=\u00bb.vc_custom_1678179286325{border-top-width: 2px !important;border-right-width: 2px !important;border-bottom-width: 2px !important;border-left-width: 2px !important;border-left-color: #ebebeb !important;border-left-style: solid !important;border-right-color: #ebebeb !important;border-right-style: solid !important;border-top-color: #ebebeb !important;border-top-style: solid !important;border-bottom-color: #ebebeb !important;border-bottom-style: solid !important;border-radius: 35px !important;}\u00bb][vc_empty_space]\n<div class=\"wpcf7 no-js\" id=\"wpcf7-f143-o1\" lang=\"es-ES\" dir=\"ltr\" data-wpcf7-id=\"143\">\n<div class=\"screen-reader-response\"><p role=\"status\" aria-live=\"polite\" aria-atomic=\"true\"><\/p> <ul><\/ul><\/div>\n<form action=\"\/es\/wp-json\/wp\/v2\/pages\/599#wpcf7-f143-o1\" method=\"post\" class=\"wpcf7-form init\" aria-label=\"Formulario de contacto\" novalidate=\"novalidate\" data-status=\"init\">\n<fieldset class=\"hidden-fields-container\"><input type=\"hidden\" name=\"_wpcf7\" value=\"143\" \/><input type=\"hidden\" name=\"_wpcf7_version\" value=\"6.1.4\" \/><input type=\"hidden\" name=\"_wpcf7_locale\" value=\"es_ES\" \/><input type=\"hidden\" name=\"_wpcf7_unit_tag\" value=\"wpcf7-f143-o1\" \/><input type=\"hidden\" name=\"_wpcf7_container_post\" value=\"0\" \/><input type=\"hidden\" name=\"_wpcf7_posted_data_hash\" value=\"\" \/><input type=\"hidden\" name=\"_wpcf7_recaptcha_response\" value=\"\" \/>\n<\/fieldset>\n<p><label> Nombre<br \/>\n<span class=\"wpcf7-form-control-wrap\" data-name=\"your-name\"><input size=\"40\" maxlength=\"400\" class=\"wpcf7-form-control wpcf7-text wpcf7-validates-as-required\" autocomplete=\"name\" aria-required=\"true\" aria-invalid=\"false\" value=\"\" type=\"text\" name=\"your-name\" \/><\/span> <\/label>\n<\/p>\n<p><label> Email<br \/>\n<span class=\"wpcf7-form-control-wrap\" data-name=\"your-email\"><input size=\"40\" maxlength=\"400\" class=\"wpcf7-form-control wpcf7-email wpcf7-validates-as-required wpcf7-text wpcf7-validates-as-email\" autocomplete=\"email\" aria-required=\"true\" aria-invalid=\"false\" value=\"\" type=\"email\" name=\"your-email\" \/><\/span> <\/label>\n<\/p>\n<p><label> Tel\u00e9fono<br \/>\n<span class=\"wpcf7-form-control-wrap\" data-name=\"tel-293\"><input size=\"40\" maxlength=\"400\" class=\"wpcf7-form-control wpcf7-tel wpcf7-validates-as-required wpcf7-text wpcf7-validates-as-tel\" aria-required=\"true\" aria-invalid=\"false\" value=\"\" type=\"tel\" name=\"tel-293\" \/><\/span> <\/label>\n<\/p>\n<p><label> Mensaje (opcional)<br \/>\n<span class=\"wpcf7-form-control-wrap\" data-name=\"your-message\"><textarea cols=\"40\" rows=\"10\" maxlength=\"2000\" class=\"wpcf7-form-control wpcf7-textarea\" aria-invalid=\"false\" name=\"your-message\"><\/textarea><\/span> <\/label>\n<\/p>\n<span class=\"wpcf7-form-control-wrap recaptcha\" data-name=\"recaptcha\"><span data-sitekey=\"6LfX0jslAAAAAFddsNQPza6hRlQHsdnpsyQ48NN2\" class=\"wpcf7-form-control wpcf7-recaptcha g-recaptcha\"><\/span>\r\n<noscript>\r\n\t<div class=\"grecaptcha-noscript\">\r\n\t\t<iframe loading=\"lazy\" src=\"https:\/\/www.google.com\/recaptcha\/api\/fallback?k=6LfX0jslAAAAAFddsNQPza6hRlQHsdnpsyQ48NN2\" frameborder=\"0\" scrolling=\"no\" width=\"310\" height=\"430\">\r\n\t\t<\/iframe>\r\n\t\t<textarea name=\"g-recaptcha-response\" rows=\"3\" cols=\"40\" placeholder=\"Aqu\u00ed la respuesta de reCAPTCHA\">\r\n\t\t<\/textarea>\r\n\t<\/div>\r\n<\/noscript>\r\n<\/span>\n<p><span class=\"wpcf7-form-control-wrap\" data-name=\"Enviodedatos\"><span class=\"wpcf7-form-control wpcf7-acceptance\"><span class=\"wpcf7-list-item\"><label><input type=\"checkbox\" name=\"Enviodedatos\" value=\"1\" aria-invalid=\"false\" \/><span class=\"wpcf7-list-item-label\">\u00bfAceptas el env\u00edo de datos?<\/span><\/label><\/span><\/span><\/span>\n<\/p>\n<p><span class=\"wpcf7-form-control-wrap\" data-name=\"Enviodedatos\"><span class=\"wpcf7-form-control wpcf7-acceptance\"><span class=\"wpcf7-list-item\"><label><input type=\"checkbox\" name=\"Enviodedatos\" value=\"1\" aria-invalid=\"false\" \/><span class=\"wpcf7-list-item-label\">\u00bfAceptas la <a href=\"\/es\/aviso-legal-politica-de-privacidad\/\"><strong>pol\u00edtica de privacidad<\/strong><\/a>?<\/span><\/label><\/span><\/span><\/span>\n<\/p>\n<p><input class=\"wpcf7-form-control wpcf7-submit has-spinner\" type=\"submit\" value=\"Enviar\" \/>\n<\/p><div class=\"wpcf7-response-output\" aria-hidden=\"true\"><\/div>\n<\/form>\n<\/div>\n[\/vc_column][\/vc_row][vc_row][vc_column][vc_empty_space height=\u00bb50px\u00bb][\/vc_column][\/vc_row]<\/p>\n<\/div>","protected":false},"excerpt":{"rendered":"<p>[vc_row full_width=\u00bbstretch_row_content\u00bb][vc_column css=\u00bb.vc_custom_1678182375161{background-color: #fefaf0 !important;}\u00bb offset=\u00bbvc_hidden-sm vc_hidden-xs\u00bb][vc_empty_space height=\u00bb105px\u00bb][\/vc_column][\/vc_row][vc_row full_width=\u00bbstretch_row_content\u00bb][vc_column css=\u00bb.vc_custom_1678182444558{background-color: #fefaf0 !important;}\u00bb offset=\u00bbvc_hidden-lg vc_hidden-md\u00bb][vc_empty_space height=\u00bb45px\u00bb][\/vc_column][\/vc_row][vc_row][vc_column][vc_empty_space height=\u00bb50px\u00bb][\/vc_column][\/vc_row][vc_row gap=\u00bb35&#8243; css=\u00bb.vc_custom_1678182524041{margin-right: 10px !important;margin-left: 10px !important;}\u00bb][vc_column width=\u00bb1\/2&#8243;][vc_column_text] Contacta con nosotros [\/vc_column_text][vc_row_inner][vc_column_inner css=\u00bb.vc_custom_1678179240957{border-top-width: 2px !important;border-right-width: 2px !important;border-bottom-width: 2px !important;border-left-width: 2px !important;border-left-color: #ebebeb !important;border-left-style: solid !important;border-right-color: #ebebeb !important;border-right-style: solid !important;border-top-color: #ebebeb !important;border-top-style: solid !important;border-bottom-color: #ebebeb !important;border-bottom-style: solid !important;border-radius: 35px !important;}\u00bb][vc_column_text]Carrer de&hellip;&nbsp;<a href=\"https:\/\/finestres.es\/es\/contacto\/\" rel=\"bookmark\">Llegir m\u00e9s \u00bb<span class=\"screen-reader-text\">CONTACTO<\/span><\/a><\/p>\n","protected":false},"author":1,"featured_media":0,"parent":0,"menu_order":0,"comment_status":"closed","ping_status":"closed","template":"","meta":{"neve_meta_sidebar":"","neve_meta_container":"","neve_meta_enable_content_width":"off","neve_meta_content_width":100,"neve_meta_title_alignment":"","neve_meta_author_avatar":"","neve_post_elements_order":"","neve_meta_disable_header":"","neve_meta_disable_footer":"","neve_meta_disable_title":"on","neve_meta_reading_time":"","footnotes":""},"class_list":["post-599","page","type-page","status-publish","hentry"],"yoast_head":"<!-- This site is optimized with the Yoast SEO plugin v26.7 - https:\/\/yoast.com\/wordpress\/plugins\/seo\/ -->\n<title>Fabricaci\u00f3n ventanas practicables - Ventanas<\/title>\n<meta name=\"description\" content=\"Contacta con nosotros trucando a 93 717 27 29 o enviando un correo a info@hermeticline.es.\" \/>\n<meta name=\"robots\" content=\"index, follow, max-snippet:-1, max-image-preview:large, max-video-preview:-1\" \/>\n<link rel=\"canonical\" href=\"https:\/\/finestres.es\/es\/contacto\/\" \/>\n<meta property=\"og:locale\" content=\"es_ES\" \/>\n<meta property=\"og:type\" content=\"article\" \/>\n<meta property=\"og:title\" content=\"Fabricaci\u00f3n ventanas practicables - Ventanas\" \/>\n<meta property=\"og:description\" content=\"Contacta con nosotros trucando a 93 717 27 29 o enviando un correo a info@hermeticline.es.\" \/>\n<meta property=\"og:url\" content=\"https:\/\/finestres.es\/es\/contacto\/\" \/>\n<meta property=\"og:site_name\" content=\"Finestres\" \/>\n<meta property=\"article:modified_time\" content=\"2023-03-28T14:18:32+00:00\" \/>\n<meta name=\"twitter:card\" content=\"summary_large_image\" \/>\n<meta name=\"twitter:label1\" content=\"Tiempo de lectura\" \/>\n\t<meta name=\"twitter:data1\" content=\"1 minuto\" \/>\n<script type=\"application\/ld+json\" class=\"yoast-schema-graph\">{\"@context\":\"https:\/\/schema.org\",\"@graph\":[{\"@type\":\"WebPage\",\"@id\":\"https:\/\/finestres.es\/es\/contacto\/\",\"url\":\"https:\/\/finestres.es\/es\/contacto\/\",\"name\":\"Fabricaci\u00f3n ventanas practicables - Ventanas\",\"isPartOf\":{\"@id\":\"https:\/\/finestres.es\/#website\"},\"datePublished\":\"2023-03-09T10:10:40+00:00\",\"dateModified\":\"2023-03-28T14:18:32+00:00\",\"description\":\"Contacta con nosotros trucando a 93 717 27 29 o enviando un correo a info@hermeticline.es.\",\"breadcrumb\":{\"@id\":\"https:\/\/finestres.es\/es\/contacto\/#breadcrumb\"},\"inLanguage\":\"es\",\"potentialAction\":[{\"@type\":\"ReadAction\",\"target\":[\"https:\/\/finestres.es\/es\/contacto\/\"]}]},{\"@type\":\"BreadcrumbList\",\"@id\":\"https:\/\/finestres.es\/es\/contacto\/#breadcrumb\",\"itemListElement\":[{\"@type\":\"ListItem\",\"position\":1,\"name\":\"Portada\",\"item\":\"https:\/\/finestres.es\/es\/\"},{\"@type\":\"ListItem\",\"position\":2,\"name\":\"CONTACTO\"}]},{\"@type\":\"WebSite\",\"@id\":\"https:\/\/finestres.es\/#website\",\"url\":\"https:\/\/finestres.es\/\",\"name\":\"Finestres\",\"description\":\"\",\"potentialAction\":[{\"@type\":\"SearchAction\",\"target\":{\"@type\":\"EntryPoint\",\"urlTemplate\":\"https:\/\/finestres.es\/?s={search_term_string}\"},\"query-input\":{\"@type\":\"PropertyValueSpecification\",\"valueRequired\":true,\"valueName\":\"search_term_string\"}}],\"inLanguage\":\"es\"}]}<\/script>\n<!-- \/ Yoast SEO plugin. -->","yoast_head_json":{"title":"Fabricaci\u00f3n ventanas practicables - Ventanas","description":"Contacta con nosotros trucando a 93 717 27 29 o enviando un correo a info@hermeticline.es.","robots":{"index":"index","follow":"follow","max-snippet":"max-snippet:-1","max-image-preview":"max-image-preview:large","max-video-preview":"max-video-preview:-1"},"canonical":"https:\/\/finestres.es\/es\/contacto\/","og_locale":"es_ES","og_type":"article","og_title":"Fabricaci\u00f3n ventanas practicables - Ventanas","og_description":"Contacta con nosotros trucando a 93 717 27 29 o enviando un correo a info@hermeticline.es.","og_url":"https:\/\/finestres.es\/es\/contacto\/","og_site_name":"Finestres","article_modified_time":"2023-03-28T14:18:32+00:00","twitter_card":"summary_large_image","twitter_misc":{"Tiempo de lectura":"1 minuto"},"schema":{"@context":"https:\/\/schema.org","@graph":[{"@type":"WebPage","@id":"https:\/\/finestres.es\/es\/contacto\/","url":"https:\/\/finestres.es\/es\/contacto\/","name":"Fabricaci\u00f3n ventanas practicables - Ventanas","isPartOf":{"@id":"https:\/\/finestres.es\/#website"},"datePublished":"2023-03-09T10:10:40+00:00","dateModified":"2023-03-28T14:18:32+00:00","description":"Contacta con nosotros trucando a 93 717 27 29 o enviando un correo a info@hermeticline.es.","breadcrumb":{"@id":"https:\/\/finestres.es\/es\/contacto\/#breadcrumb"},"inLanguage":"es","potentialAction":[{"@type":"ReadAction","target":["https:\/\/finestres.es\/es\/contacto\/"]}]},{"@type":"BreadcrumbList","@id":"https:\/\/finestres.es\/es\/contacto\/#breadcrumb","itemListElement":[{"@type":"ListItem","position":1,"name":"Portada","item":"https:\/\/finestres.es\/es\/"},{"@type":"ListItem","position":2,"name":"CONTACTO"}]},{"@type":"WebSite","@id":"https:\/\/finestres.es\/#website","url":"https:\/\/finestres.es\/","name":"Finestres","description":"","potentialAction":[{"@type":"SearchAction","target":{"@type":"EntryPoint","urlTemplate":"https:\/\/finestres.es\/?s={search_term_string}"},"query-input":{"@type":"PropertyValueSpecification","valueRequired":true,"valueName":"search_term_string"}}],"inLanguage":"es"}]}},"_links":{"self":[{"href":"https:\/\/finestres.es\/es\/wp-json\/wp\/v2\/pages\/599","targetHints":{"allow":["GET"]}}],"collection":[{"href":"https:\/\/finestres.es\/es\/wp-json\/wp\/v2\/pages"}],"about":[{"href":"https:\/\/finestres.es\/es\/wp-json\/wp\/v2\/types\/page"}],"author":[{"embeddable":true,"href":"https:\/\/finestres.es\/es\/wp-json\/wp\/v2\/users\/1"}],"replies":[{"embeddable":true,"href":"https:\/\/finestres.es\/es\/wp-json\/wp\/v2\/comments?post=599"}],"version-history":[{"count":2,"href":"https:\/\/finestres.es\/es\/wp-json\/wp\/v2\/pages\/599\/revisions"}],"predecessor-version":[{"id":832,"href":"https:\/\/finestres.es\/es\/wp-json\/wp\/v2\/pages\/599\/revisions\/832"}],"wp:attachment":[{"href":"https:\/\/finestres.es\/es\/wp-json\/wp\/v2\/media?parent=599"}],"curies":[{"name":"wp","href":"https:\/\/api.w.org\/{rel}","templated":true}]}}